{"id":29,"date":"2019-09-28T19:00:42","date_gmt":"2019-09-28T19:00:42","guid":{"rendered":"http:\/\/tcs.lv\/?page_id=29"},"modified":"2019-09-28T19:10:37","modified_gmt":"2019-09-28T19:10:37","slug":"excellent-s-a","status":"publish","type":"page","link":"https:\/\/tcs.lv\/?page_id=29","title":{"rendered":"Excellent S.A"},"content":{"rendered":"<p><span lang=\"EN-US\">Profili no PVC, alum\u012bnija un misi\u0146a, ner\u016bs\u0113jo\u0161\u0101 t\u0113rauda profili, dekorat\u012bvie profili ar koka pild\u012bjumu, dekorat\u012bvie profili spogu\u013ciem.<\/span><\/p>\n<p><a href=\"http:\/\/profile.excellent.com.pl\/\" target=\"_blank\" rel=\"noopener noreferrer\"><span lang=\"EN-US\">http:\/\/profile.excellent.com.pl\/eng\/index.php<br \/>\n<\/span><\/a><\/p>\n<p>\u043f\u0440\u043e\u0444\u0438\u043b\u0438 \u0438\u0437 PVC, \u0430\u043b\u044e\u043c\u0438\u043d\u0438\u0435\u0432\u044b\u0435 \u0438 \u043b\u0430\u0442\u0443\u043d\u043d\u044b\u0435 \u043f\u0440\u043e\u0444\u0438\u043b\u0438, \u043f\u0440\u043e\u0444\u0438\u043b\u0438 \u0438\u0437 \u043d\u0435\u0440\u0436\u0430\u0432\u0435\u044e\u0449\u0435\u0439 \u0441\u0442\u0430\u043b\u0438, \u0434\u0435\u043a\u043e\u0440\u0430\u0442\u0438\u0432\u043d\u044b\u0435 \u043f\u0440\u043e\u0444\u0438\u043b\u0438 \u0441 \u0434\u0435\u0440\u0435\u0432\u044f\u043d\u043d\u044b\u043c \u043d\u0430\u043f\u043e\u043b\u043d\u0435\u043d\u0438\u0435\u043c, \u00a0\u0434\u0435\u043a\u043e\u0440\u0430\u0442\u0438\u0432\u043d\u044b\u0435 \u043f\u0440\u043e\u0444\u0438\u043b\u0438 \u0434\u043b\u044f \u0437\u0435\u0440\u043a\u0430\u043b.<\/p>\n","protected":false},"excerpt":{"rendered":"<p>Profili no PVC, alum\u012bnija un misi\u0146a, ner\u016bs\u0113jo\u0161\u0101 t\u0113rauda profili, dekorat\u012bvie profili ar koka pild\u012bjumu, dekorat\u012bvie profili spogu\u013ciem. http:\/\/profile.excellent.com.pl\/eng\/index.php \u043f\u0440\u043e\u0444\u0438\u043b\u0438 \u0438\u0437 PVC, \u0430\u043b\u044e\u043c\u0438\u043d\u0438\u0435\u0432\u044b\u0435 \u0438 \u043b\u0430\u0442\u0443\u043d\u043d\u044b\u0435 \u043f\u0440\u043e\u0444\u0438\u043b\u0438, \u043f\u0440\u043e\u0444\u0438\u043b\u0438 \u0438\u0437 \u043d\u0435\u0440\u0436\u0430\u0432\u0435\u044e\u0449\u0435\u0439 \u0441\u0442\u0430\u043b\u0438, \u0434\u0435\u043a\u043e\u0440\u0430\u0442\u0438\u0432\u043d\u044b\u0435 \u043f\u0440\u043e\u0444\u0438\u043b\u0438 \u0441 \u0434\u0435\u0440\u0435\u0432\u044f\u043d\u043d\u044b\u043c \u043d\u0430\u043f\u043e\u043b\u043d\u0435\u043d\u0438\u0435\u043c, \u00a0\u0434\u0435\u043a\u043e\u0440\u0430\u0442\u0438\u0432\u043d\u044b\u0435 \u043f\u0440\u043e\u0444\u0438\u043b\u0438 \u0434\u043b\u044f \u0437\u0435\u0440\u043a\u0430\u043b.<\/p>\n","protected":false},"author":1,"featured_media":0,"parent":39,"menu_order":0,"comment_status":"closed","ping_status":"closed","template":"","meta":{"_acf_changed":false,"footnotes":""},"class_list":["post-29","page","type-page","status-publish","hentry"],"acf":[],"yoast_head":"<!-- This site is optimized with the Yoast SEO plugin v27.2 - https:\/\/yoast.com\/product\/yoast-seo-wordpress\/ -->\n<title>Excellent S.A - TCS,SIA<\/title>\n<meta name=\"robots\" content=\"index, follow, max-snippet:-1, max-image-preview:large, max-video-preview:-1\" \/>\n<link rel=\"canonical\" href=\"https:\/\/tcs.lv\/?page_id=29\" \/>\n<meta property=\"og:locale\" content=\"en_US\" \/>\n<meta property=\"og:type\" content=\"article\" \/>\n<meta property=\"og:title\" content=\"Excellent S.A - TCS,SIA\" \/>\n<meta property=\"og:description\" content=\"Profili no PVC, alum\u012bnija un misi\u0146a, ner\u016bs\u0113jo\u0161\u0101 t\u0113rauda profili, dekorat\u012bvie profili ar koka pild\u012bjumu, dekorat\u012bvie profili spogu\u013ciem. http:\/\/profile.excellent.com.pl\/eng\/index.php \u043f\u0440\u043e\u0444\u0438\u043b\u0438 \u0438\u0437 PVC, \u0430\u043b\u044e\u043c\u0438\u043d\u0438\u0435\u0432\u044b\u0435 \u0438 \u043b\u0430\u0442\u0443\u043d\u043d\u044b\u0435 \u043f\u0440\u043e\u0444\u0438\u043b\u0438, \u043f\u0440\u043e\u0444\u0438\u043b\u0438 \u0438\u0437 \u043d\u0435\u0440\u0436\u0430\u0432\u0435\u044e\u0449\u0435\u0439 \u0441\u0442\u0430\u043b\u0438, \u0434\u0435\u043a\u043e\u0440\u0430\u0442\u0438\u0432\u043d\u044b\u0435 \u043f\u0440\u043e\u0444\u0438\u043b\u0438 \u0441 \u0434\u0435\u0440\u0435\u0432\u044f\u043d\u043d\u044b\u043c \u043d\u0430\u043f\u043e\u043b\u043d\u0435\u043d\u0438\u0435\u043c, \u00a0\u0434\u0435\u043a\u043e\u0440\u0430\u0442\u0438\u0432\u043d\u044b\u0435 \u043f\u0440\u043e\u0444\u0438\u043b\u0438 \u0434\u043b\u044f \u0437\u0435\u0440\u043a\u0430\u043b.\" \/>\n<meta property=\"og:url\" content=\"https:\/\/tcs.lv\/?page_id=29\" \/>\n<meta property=\"og:site_name\" content=\"TCS,SIA\" \/>\n<meta property=\"article:modified_time\" content=\"2019-09-28T19:10:37+00:00\" \/>\n<meta name=\"twitter:card\" content=\"summary_large_image\" \/>\n<script type=\"application\/ld+json\" class=\"yoast-schema-graph\">{\"@context\":\"https:\/\/schema.org\",\"@graph\":[{\"@type\":\"WebPage\",\"@id\":\"https:\/\/tcs.lv\/?page_id=29\",\"url\":\"https:\/\/tcs.lv\/?page_id=29\",\"name\":\"Excellent S.A - TCS,SIA\",\"isPartOf\":{\"@id\":\"https:\/\/tcs.lv\/#website\"},\"datePublished\":\"2019-09-28T19:00:42+00:00\",\"dateModified\":\"2019-09-28T19:10:37+00:00\",\"breadcrumb\":{\"@id\":\"https:\/\/tcs.lv\/?page_id=29#breadcrumb\"},\"inLanguage\":\"en\",\"potentialAction\":[{\"@type\":\"ReadAction\",\"target\":[\"https:\/\/tcs.lv\/?page_id=29\"]}]},{\"@type\":\"BreadcrumbList\",\"@id\":\"https:\/\/tcs.lv\/?page_id=29#breadcrumb\",\"itemListElement\":[{\"@type\":\"ListItem\",\"position\":1,\"name\":\"Home\",\"item\":\"https:\/\/tcs.lv\/\"},{\"@type\":\"ListItem\",\"position\":2,\"name\":\"Produkcija\",\"item\":\"https:\/\/tcs.lv\/?page_id=39\"},{\"@type\":\"ListItem\",\"position\":3,\"name\":\"Excellent S.A\"}]},{\"@type\":\"WebSite\",\"@id\":\"https:\/\/tcs.lv\/#website\",\"url\":\"https:\/\/tcs.lv\/\",\"name\":\"TCS,SIA\",\"description\":\"L\u012bstes pasaule\",\"potentialAction\":[{\"@type\":\"SearchAction\",\"target\":{\"@type\":\"EntryPoint\",\"urlTemplate\":\"https:\/\/tcs.lv\/?s={search_term_string}\"},\"query-input\":{\"@type\":\"PropertyValueSpecification\",\"valueRequired\":true,\"valueName\":\"search_term_string\"}}],\"inLanguage\":\"en\"}]}<\/script>\n<!-- \/ Yoast SEO plugin. -->","yoast_head_json":{"title":"Excellent S.A - TCS,SIA","robots":{"index":"index","follow":"follow","max-snippet":"max-snippet:-1","max-image-preview":"max-image-preview:large","max-video-preview":"max-video-preview:-1"},"canonical":"https:\/\/tcs.lv\/?page_id=29","og_locale":"en_US","og_type":"article","og_title":"Excellent S.A - TCS,SIA","og_description":"Profili no PVC, alum\u012bnija un misi\u0146a, ner\u016bs\u0113jo\u0161\u0101 t\u0113rauda profili, dekorat\u012bvie profili ar koka pild\u012bjumu, dekorat\u012bvie profili spogu\u013ciem. http:\/\/profile.excellent.com.pl\/eng\/index.php \u043f\u0440\u043e\u0444\u0438\u043b\u0438 \u0438\u0437 PVC, \u0430\u043b\u044e\u043c\u0438\u043d\u0438\u0435\u0432\u044b\u0435 \u0438 \u043b\u0430\u0442\u0443\u043d\u043d\u044b\u0435 \u043f\u0440\u043e\u0444\u0438\u043b\u0438, \u043f\u0440\u043e\u0444\u0438\u043b\u0438 \u0438\u0437 \u043d\u0435\u0440\u0436\u0430\u0432\u0435\u044e\u0449\u0435\u0439 \u0441\u0442\u0430\u043b\u0438, \u0434\u0435\u043a\u043e\u0440\u0430\u0442\u0438\u0432\u043d\u044b\u0435 \u043f\u0440\u043e\u0444\u0438\u043b\u0438 \u0441 \u0434\u0435\u0440\u0435\u0432\u044f\u043d\u043d\u044b\u043c \u043d\u0430\u043f\u043e\u043b\u043d\u0435\u043d\u0438\u0435\u043c, \u00a0\u0434\u0435\u043a\u043e\u0440\u0430\u0442\u0438\u0432\u043d\u044b\u0435 \u043f\u0440\u043e\u0444\u0438\u043b\u0438 \u0434\u043b\u044f \u0437\u0435\u0440\u043a\u0430\u043b.","og_url":"https:\/\/tcs.lv\/?page_id=29","og_site_name":"TCS,SIA","article_modified_time":"2019-09-28T19:10:37+00:00","twitter_card":"summary_large_image","schema":{"@context":"https:\/\/schema.org","@graph":[{"@type":"WebPage","@id":"https:\/\/tcs.lv\/?page_id=29","url":"https:\/\/tcs.lv\/?page_id=29","name":"Excellent S.A - TCS,SIA","isPartOf":{"@id":"https:\/\/tcs.lv\/#website"},"datePublished":"2019-09-28T19:00:42+00:00","dateModified":"2019-09-28T19:10:37+00:00","breadcrumb":{"@id":"https:\/\/tcs.lv\/?page_id=29#breadcrumb"},"inLanguage":"en","potentialAction":[{"@type":"ReadAction","target":["https:\/\/tcs.lv\/?page_id=29"]}]},{"@type":"BreadcrumbList","@id":"https:\/\/tcs.lv\/?page_id=29#breadcrumb","itemListElement":[{"@type":"ListItem","position":1,"name":"Home","item":"https:\/\/tcs.lv\/"},{"@type":"ListItem","position":2,"name":"Produkcija","item":"https:\/\/tcs.lv\/?page_id=39"},{"@type":"ListItem","position":3,"name":"Excellent S.A"}]},{"@type":"WebSite","@id":"https:\/\/tcs.lv\/#website","url":"https:\/\/tcs.lv\/","name":"TCS,SIA","description":"L\u012bstes pasaule","potentialAction":[{"@type":"SearchAction","target":{"@type":"EntryPoint","urlTemplate":"https:\/\/tcs.lv\/?s={search_term_string}"},"query-input":{"@type":"PropertyValueSpecification","valueRequired":true,"valueName":"search_term_string"}}],"inLanguage":"en"}]}},"_links":{"self":[{"href":"https:\/\/tcs.lv\/index.php?rest_route=\/wp\/v2\/pages\/29","targetHints":{"allow":["GET"]}}],"collection":[{"href":"https:\/\/tcs.lv\/index.php?rest_route=\/wp\/v2\/pages"}],"about":[{"href":"https:\/\/tcs.lv\/index.php?rest_route=\/wp\/v2\/types\/page"}],"author":[{"embeddable":true,"href":"https:\/\/tcs.lv\/index.php?rest_route=\/wp\/v2\/users\/1"}],"replies":[{"embeddable":true,"href":"https:\/\/tcs.lv\/index.php?rest_route=%2Fwp%2Fv2%2Fcomments&post=29"}],"version-history":[{"count":1,"href":"https:\/\/tcs.lv\/index.php?rest_route=\/wp\/v2\/pages\/29\/revisions"}],"predecessor-version":[{"id":30,"href":"https:\/\/tcs.lv\/index.php?rest_route=\/wp\/v2\/pages\/29\/revisions\/30"}],"up":[{"embeddable":true,"href":"https:\/\/tcs.lv\/index.php?rest_route=\/wp\/v2\/pages\/39"}],"wp:attachment":[{"href":"https:\/\/tcs.lv\/index.php?rest_route=%2Fwp%2Fv2%2Fmedia&parent=29"}],"curies":[{"name":"wp","href":"https:\/\/api.w.org\/{rel}","templated":true}]}}