{"id":37,"date":"2019-09-28T19:06:44","date_gmt":"2019-09-28T19:06:44","guid":{"rendered":"http:\/\/tcs.lv\/?page_id=37"},"modified":"2023-11-13T12:17:44","modified_gmt":"2023-11-13T10:17:44","slug":"par-mums","status":"publish","type":"page","link":"https:\/\/tcs.lv\/","title":{"rendered":"Par mums"},"content":{"rendered":"<div id=\"pl-37\"  class=\"panel-layout\" ><div id=\"pg-37-0\"  class=\"panel-grid panel-no-style\" ><div id=\"pgc-37-0-0\"  class=\"panel-grid-cell\" ><div id=\"panel-37-0-0-0\" class=\"so-panel widget widget_sow-editor panel-first-child panel-last-child\" data-index=\"0\" ><div\n\t\t\t\n\t\t\tclass=\"so-widget-sow-editor so-widget-sow-editor-base\"\n\t\t\t\n\t\t>\n<div class=\"siteorigin-widget-tinymce textwidget\">\n\t<p>TCS SIA ir specializ\u0113ts visa veida apdares profilu no koka, MDF, PVC, alum\u012bnija, misina un ner\u016bso\u0161a t\u0113rauda uz\u0146\u0113mums vairumtirdzniec\u012bb\u0101 un mazumtirdzniec\u012bb\u0101.<\/p>\n<p><span lang=\"EN-US\">K\u0101 noform\u0113t parketa un m\u012bkst\u0101 gr\u012bdas seguma savienojuma vietu? Ar ko nosegt spraugu, kas radusies, kl\u0101jot lamin\u0101tu? K\u0101 noform\u0113t pak\u0101pienus? K\u0101 eleganti notu\u0161\u0113t divu da\u017e\u0101da augstuma gr\u012bdas segumu savienojuma vietu? Atbilde gan uz \u0161iem, gan simtiem citu jaut\u0101jumu, kas rodas remonta vai celtniec\u012bbas darbu procesa gait\u0101, var vienm\u0113r atrast m\u016bsu veikal\u0101\u00a0<strong>\u201eL\u012bstes Pasaule\u201d<\/strong><\/span><\/p>\n<\/div>\n<\/div><\/div><\/div><div id=\"pgc-37-0-1\"  class=\"panel-grid-cell\" ><div id=\"panel-37-0-1-0\" class=\"so-panel widget widget_sow-editor panel-first-child\" data-index=\"1\" ><div\n\t\t\t\n\t\t\tclass=\"so-widget-sow-editor so-widget-sow-editor-base\"\n\t\t\t\n\t\t>\n<div class=\"siteorigin-widget-tinymce textwidget\">\n\t<h1>M\u016bsu interneta veikals uz\u0146em apgriezienus! <a href=\"https:\/\/listespasaule.lv\/lv\/\">https:\/\/listespasaule.lv\/lv\/<\/a><\/h1>\n<\/div>\n<\/div><\/div><div id=\"panel-37-0-1-1\" class=\"so-panel widget widget_sow-slider panel-last-child\" data-index=\"2\" ><div\n\t\t\t\n\t\t\tclass=\"so-widget-sow-slider so-widget-sow-slider-default-6d39609536fd-37\"\n\t\t\t\n\t\t>\t\t\t\t<div class=\"sow-slider-base\" style=\"display: none\" tabindex=\"0\">\n\t\t\t\t\t<ul\n\t\t\t\t\tclass=\"sow-slider-images\"\n\t\t\t\t\tdata-settings=\"{&quot;pagination&quot;:true,&quot;speed&quot;:800,&quot;timeout&quot;:3000,&quot;paused&quot;:false,&quot;pause_on_hover&quot;:false,&quot;swipe&quot;:true,&quot;nav_always_show_desktop&quot;:&quot;&quot;,&quot;nav_always_show_mobile&quot;:&quot;&quot;,&quot;breakpoint&quot;:&quot;780px&quot;,&quot;unmute&quot;:false,&quot;anchor&quot;:null}\"\n\t\t\t\t\t\t\t\t\t\tdata-anchor-id=\"\"\n\t\t\t\t>\t\t<li class=\"sow-slider-image\" style=\"visibility: visible;\" >\n\t\t\t\t\t\t<img loading=\"lazy\" decoding=\"async\" width=\"3968\" height=\"2240\" src=\"http:\/\/tcs.lv\/wp-content\/uploads\/2019\/11\/imag3397.jpg\" class=\"sow-slider-background-image\" alt=\"\" style=\"\" srcset=\"http:\/\/tcs.lv\/wp-content\/uploads\/2019\/11\/imag3397.jpg 3968w, http:\/\/tcs.lv\/wp-content\/uploads\/2019\/11\/imag3397-300x169.jpg 300w, http:\/\/tcs.lv\/wp-content\/uploads\/2019\/11\/imag3397-768x434.jpg 768w, http:\/\/tcs.lv\/wp-content\/uploads\/2019\/11\/imag3397-1024x578.jpg 1024w, http:\/\/tcs.lv\/wp-content\/uploads\/2019\/11\/imag3397-904x510.jpg 904w\" sizes=\"auto, (max-width: 3968px) 100vw, 3968px\" \/>\t\t<\/li>\n\t\t\t\t<li class=\"sow-slider-image\" style=\"visibility: hidden;\" >\n\t\t\t\t\t\t<img loading=\"lazy\" decoding=\"async\" width=\"3968\" height=\"2240\" src=\"http:\/\/tcs.lv\/wp-content\/uploads\/2019\/11\/imag3396.jpg\" class=\"sow-slider-background-image\" alt=\"\" style=\"\" srcset=\"http:\/\/tcs.lv\/wp-content\/uploads\/2019\/11\/imag3396.jpg 3968w, http:\/\/tcs.lv\/wp-content\/uploads\/2019\/11\/imag3396-300x169.jpg 300w, http:\/\/tcs.lv\/wp-content\/uploads\/2019\/11\/imag3396-768x434.jpg 768w, http:\/\/tcs.lv\/wp-content\/uploads\/2019\/11\/imag3396-1024x578.jpg 1024w, http:\/\/tcs.lv\/wp-content\/uploads\/2019\/11\/imag3396-904x510.jpg 904w\" sizes=\"auto, (max-width: 3968px) 100vw, 3968px\" \/>\t\t<\/li>\n\t\t\t\t<li class=\"sow-slider-image\" style=\"visibility: hidden;\" >\n\t\t\t\t\t\t<img loading=\"lazy\" decoding=\"async\" width=\"999\" height=\"565\" src=\"http:\/\/tcs.lv\/wp-content\/uploads\/2019\/11\/listes_viveska21.png\" class=\"sow-slider-background-image\" alt=\"\" style=\"\" srcset=\"http:\/\/tcs.lv\/wp-content\/uploads\/2019\/11\/listes_viveska21.png 999w, http:\/\/tcs.lv\/wp-content\/uploads\/2019\/11\/listes_viveska21-300x170.png 300w, http:\/\/tcs.lv\/wp-content\/uploads\/2019\/11\/listes_viveska21-768x434.png 768w, http:\/\/tcs.lv\/wp-content\/uploads\/2019\/11\/listes_viveska21-904x511.png 904w\" sizes=\"auto, (max-width: 999px) 100vw, 999px\" \/>\t\t<\/li>\n\t\t\t\t<li class=\"sow-slider-image\" style=\"visibility: hidden;\" >\n\t\t\t\t\t\t<img loading=\"lazy\" decoding=\"async\" width=\"2560\" height=\"1445\" src=\"http:\/\/tcs.lv\/wp-content\/uploads\/2020\/02\/imag3395-scaled.jpg\" class=\"sow-slider-background-image\" alt=\"\" style=\"\" srcset=\"http:\/\/tcs.lv\/wp-content\/uploads\/2020\/02\/imag3395-scaled.jpg 2560w, http:\/\/tcs.lv\/wp-content\/uploads\/2020\/02\/imag3395-300x169.jpg 300w, http:\/\/tcs.lv\/wp-content\/uploads\/2020\/02\/imag3395-1024x578.jpg 1024w, http:\/\/tcs.lv\/wp-content\/uploads\/2020\/02\/imag3395-768x434.jpg 768w, http:\/\/tcs.lv\/wp-content\/uploads\/2020\/02\/imag3395-1536x867.jpg 1536w, http:\/\/tcs.lv\/wp-content\/uploads\/2020\/02\/imag3395-2048x1156.jpg 2048w, http:\/\/tcs.lv\/wp-content\/uploads\/2020\/02\/imag3395-904x510.jpg 904w\" sizes=\"auto, (max-width: 2560px) 100vw, 2560px\" \/>\t\t<\/li>\n\t\t<\/ul>\t\t\t\t<ol class=\"sow-slider-pagination\">\n\t\t\t\t\t\t\t\t\t\t\t<li><a href=\"#\" data-goto=\"0\" aria-label=\"Display slide 1\"><\/a><\/li>\n\t\t\t\t\t\t\t\t\t\t\t<li><a href=\"#\" data-goto=\"1\" aria-label=\"Display slide 2\"><\/a><\/li>\n\t\t\t\t\t\t\t\t\t\t\t<li><a href=\"#\" data-goto=\"2\" aria-label=\"Display slide 3\"><\/a><\/li>\n\t\t\t\t\t\t\t\t\t\t\t<li><a href=\"#\" data-goto=\"3\" aria-label=\"Display slide 4\"><\/a><\/li>\n\t\t\t\t\t\t\t\t\t<\/ol>\n\n\t\t\t\t<div class=\"sow-slide-nav sow-slide-nav-next\">\n\t\t\t\t\t<a href=\"#\" data-goto=\"next\" aria-label=\"Next slide\" data-action=\"next\">\n\t\t\t\t\t\t<em class=\"sow-sld-icon-thin-right\"><\/em>\n\t\t\t\t\t<\/a>\n\t\t\t\t<\/div>\n\n\t\t\t\t<div class=\"sow-slide-nav sow-slide-nav-prev\">\n\t\t\t\t\t<a href=\"#\" data-goto=\"previous\" aria-label=\"Previous slide\" data-action=\"prev\">\n\t\t\t\t\t\t<em class=\"sow-sld-icon-thin-left\"><\/em>\n\t\t\t\t\t<\/a>\n\t\t\t\t<\/div>\n\t\t\t\t<\/div><\/div><\/div><\/div><\/div><\/div>","protected":false},"excerpt":{"rendered":"<p>TCS SIA ir specializ\u0113ts visa veida apdares profilu no koka, MDF, PVC, alum\u012bnija, misina un ner\u016bso\u0161a t\u0113rauda uz\u0146\u0113mums vairumtirdzniec\u012bb\u0101 un mazumtirdzniec\u012bb\u0101. K\u0101 noform\u0113t parketa un m\u012bkst\u0101 gr\u012bdas seguma savienojuma vietu? Ar ko nosegt spraugu, kas radusies, kl\u0101jot lamin\u0101tu? K\u0101 noform\u0113t pak\u0101pienus? K\u0101 eleganti notu\u0161\u0113t divu da\u017e\u0101da augstuma gr\u012bdas segumu savienojuma vietu? Atbilde gan uz \u0161iem, [&hellip;]<\/p>\n","protected":false},"author":1,"featured_media":0,"parent":0,"menu_order":0,"comment_status":"closed","ping_status":"closed","template":"","meta":{"_acf_changed":false,"footnotes":""},"class_list":["post-37","page","type-page","status-publish","hentry","content-columns-1"],"acf":[],"yoast_head":"<!-- This site is optimized with the Yoast SEO plugin v27.2 - https:\/\/yoast.com\/product\/yoast-seo-wordpress\/ -->\n<title>Par mums - TCS,SIA<\/title>\n<meta name=\"robots\" content=\"index, follow, max-snippet:-1, max-image-preview:large, max-video-preview:-1\" \/>\n<link rel=\"canonical\" href=\"https:\/\/tcs.lv\/\" \/>\n<meta property=\"og:locale\" content=\"en_US\" \/>\n<meta property=\"og:type\" content=\"article\" \/>\n<meta property=\"og:title\" content=\"Par mums - TCS,SIA\" \/>\n<meta property=\"og:description\" content=\"TCS SIA ir specializ\u0113ts visa veida apdares profilu no koka, MDF, PVC, alum\u012bnija, misina un ner\u016bso\u0161a t\u0113rauda uz\u0146\u0113mums vairumtirdzniec\u012bb\u0101 un mazumtirdzniec\u012bb\u0101. K\u0101 noform\u0113t parketa un m\u012bkst\u0101 gr\u012bdas seguma savienojuma vietu? Ar ko nosegt spraugu, kas radusies, kl\u0101jot lamin\u0101tu? K\u0101 noform\u0113t pak\u0101pienus? K\u0101 eleganti notu\u0161\u0113t divu da\u017e\u0101da augstuma gr\u012bdas segumu savienojuma vietu? Atbilde gan uz \u0161iem, [&hellip;]\" \/>\n<meta property=\"og:url\" content=\"https:\/\/tcs.lv\/\" \/>\n<meta property=\"og:site_name\" content=\"TCS,SIA\" \/>\n<meta property=\"article:modified_time\" content=\"2023-11-13T10:17:44+00:00\" \/>\n<meta name=\"twitter:card\" content=\"summary_large_image\" \/>\n<meta name=\"twitter:label1\" content=\"Est. reading time\" \/>\n\t<meta name=\"twitter:data1\" content=\"1 minute\" \/>\n<script type=\"application\/ld+json\" class=\"yoast-schema-graph\">{\"@context\":\"https:\/\/schema.org\",\"@graph\":[{\"@type\":\"WebPage\",\"@id\":\"https:\/\/tcs.lv\/\",\"url\":\"https:\/\/tcs.lv\/\",\"name\":\"Par mums - TCS,SIA\",\"isPartOf\":{\"@id\":\"http:\/\/tcs.lv\/#website\"},\"datePublished\":\"2019-09-28T19:06:44+00:00\",\"dateModified\":\"2023-11-13T10:17:44+00:00\",\"breadcrumb\":{\"@id\":\"https:\/\/tcs.lv\/#breadcrumb\"},\"inLanguage\":\"en\",\"potentialAction\":[{\"@type\":\"ReadAction\",\"target\":[\"https:\/\/tcs.lv\/\"]}]},{\"@type\":\"BreadcrumbList\",\"@id\":\"https:\/\/tcs.lv\/#breadcrumb\",\"itemListElement\":[{\"@type\":\"ListItem\",\"position\":1,\"name\":\"Home\",\"item\":\"https:\/\/tcs.lv\/\"},{\"@type\":\"ListItem\",\"position\":2,\"name\":\"Par mums\"}]},{\"@type\":\"WebSite\",\"@id\":\"http:\/\/tcs.lv\/#website\",\"url\":\"http:\/\/tcs.lv\/\",\"name\":\"TCS,SIA\",\"description\":\"L\u012bstes pasaule\",\"potentialAction\":[{\"@type\":\"SearchAction\",\"target\":{\"@type\":\"EntryPoint\",\"urlTemplate\":\"http:\/\/tcs.lv\/?s={search_term_string}\"},\"query-input\":{\"@type\":\"PropertyValueSpecification\",\"valueRequired\":true,\"valueName\":\"search_term_string\"}}],\"inLanguage\":\"en\"}]}<\/script>\n<!-- \/ Yoast SEO plugin. -->","yoast_head_json":{"title":"Par mums - TCS,SIA","robots":{"index":"index","follow":"follow","max-snippet":"max-snippet:-1","max-image-preview":"max-image-preview:large","max-video-preview":"max-video-preview:-1"},"canonical":"https:\/\/tcs.lv\/","og_locale":"en_US","og_type":"article","og_title":"Par mums - TCS,SIA","og_description":"TCS SIA ir specializ\u0113ts visa veida apdares profilu no koka, MDF, PVC, alum\u012bnija, misina un ner\u016bso\u0161a t\u0113rauda uz\u0146\u0113mums vairumtirdzniec\u012bb\u0101 un mazumtirdzniec\u012bb\u0101. K\u0101 noform\u0113t parketa un m\u012bkst\u0101 gr\u012bdas seguma savienojuma vietu? Ar ko nosegt spraugu, kas radusies, kl\u0101jot lamin\u0101tu? K\u0101 noform\u0113t pak\u0101pienus? K\u0101 eleganti notu\u0161\u0113t divu da\u017e\u0101da augstuma gr\u012bdas segumu savienojuma vietu? Atbilde gan uz \u0161iem, [&hellip;]","og_url":"https:\/\/tcs.lv\/","og_site_name":"TCS,SIA","article_modified_time":"2023-11-13T10:17:44+00:00","twitter_card":"summary_large_image","twitter_misc":{"Est. reading time":"1 minute"},"schema":{"@context":"https:\/\/schema.org","@graph":[{"@type":"WebPage","@id":"https:\/\/tcs.lv\/","url":"https:\/\/tcs.lv\/","name":"Par mums - TCS,SIA","isPartOf":{"@id":"http:\/\/tcs.lv\/#website"},"datePublished":"2019-09-28T19:06:44+00:00","dateModified":"2023-11-13T10:17:44+00:00","breadcrumb":{"@id":"https:\/\/tcs.lv\/#breadcrumb"},"inLanguage":"en","potentialAction":[{"@type":"ReadAction","target":["https:\/\/tcs.lv\/"]}]},{"@type":"BreadcrumbList","@id":"https:\/\/tcs.lv\/#breadcrumb","itemListElement":[{"@type":"ListItem","position":1,"name":"Home","item":"https:\/\/tcs.lv\/"},{"@type":"ListItem","position":2,"name":"Par mums"}]},{"@type":"WebSite","@id":"http:\/\/tcs.lv\/#website","url":"http:\/\/tcs.lv\/","name":"TCS,SIA","description":"L\u012bstes pasaule","potentialAction":[{"@type":"SearchAction","target":{"@type":"EntryPoint","urlTemplate":"http:\/\/tcs.lv\/?s={search_term_string}"},"query-input":{"@type":"PropertyValueSpecification","valueRequired":true,"valueName":"search_term_string"}}],"inLanguage":"en"}]}},"_links":{"self":[{"href":"http:\/\/tcs.lv\/index.php?rest_route=\/wp\/v2\/pages\/37","targetHints":{"allow":["GET"]}}],"collection":[{"href":"http:\/\/tcs.lv\/index.php?rest_route=\/wp\/v2\/pages"}],"about":[{"href":"http:\/\/tcs.lv\/index.php?rest_route=\/wp\/v2\/types\/page"}],"author":[{"embeddable":true,"href":"http:\/\/tcs.lv\/index.php?rest_route=\/wp\/v2\/users\/1"}],"replies":[{"embeddable":true,"href":"http:\/\/tcs.lv\/index.php?rest_route=%2Fwp%2Fv2%2Fcomments&post=37"}],"version-history":[{"count":37,"href":"http:\/\/tcs.lv\/index.php?rest_route=\/wp\/v2\/pages\/37\/revisions"}],"predecessor-version":[{"id":306,"href":"http:\/\/tcs.lv\/index.php?rest_route=\/wp\/v2\/pages\/37\/revisions\/306"}],"wp:attachment":[{"href":"http:\/\/tcs.lv\/index.php?rest_route=%2Fwp%2Fv2%2Fmedia&parent=37"}],"curies":[{"name":"wp","href":"https:\/\/api.w.org\/{rel}","templated":true}]}}