{"id":35,"date":"2019-09-28T19:04:20","date_gmt":"2019-09-28T19:04:20","guid":{"rendered":"http:\/\/tcs.lv\/?page_id=35"},"modified":"2024-03-21T15:42:28","modified_gmt":"2024-03-21T13:42:28","slug":"kontakti","status":"publish","type":"page","link":"http:\/\/tcs.lv\/?page_id=35","title":{"rendered":"Kontakti"},"content":{"rendered":"<div id=\"pl-35\"  class=\"panel-layout\" ><div id=\"pg-35-0\"  class=\"panel-grid panel-no-style\" ><div id=\"pgc-35-0-0\"  class=\"panel-grid-cell\" ><div id=\"panel-35-0-0-0\" class=\"so-panel widget widget_sow-editor panel-first-child panel-last-child\" data-index=\"0\" ><div class=\"panel-widget-style panel-widget-style-for-35-0-0-0\" ><div\n\t\t\t\n\t\t\tclass=\"so-widget-sow-editor so-widget-sow-editor-base\"\n\t\t\t\n\t\t><h3 class=\"widget-title\">Veikals<\/h3>\n<div class=\"siteorigin-widget-tinymce textwidget\">\n\t<ul>\n<li>Darba laiks: Pirmdiena-Piektdiena 9.00-18.00<\/li>\n<li>Latgales 250, R\u012bga, LV-1063<\/li>\n<li>tel. +37126585707, +37167800379.<\/li>\n<li>Interneta veikals\u00a0<a href=\"https:\/\/listespasaule.lv\/lv\" target=\"_blank\" rel=\"noopener noreferrer\">https:\/\/listespasaule.lv\/lv<\/a><\/li>\n<\/ul>\n<\/div>\n<\/div><\/div><\/div><\/div><div id=\"pgc-35-0-1\"  class=\"panel-grid-cell\" ><div id=\"panel-35-0-1-0\" class=\"so-panel widget widget_sow-editor panel-first-child panel-last-child\" data-index=\"1\" ><div class=\"panel-widget-style panel-widget-style-for-35-0-1-0\" ><div\n\t\t\t\n\t\t\tclass=\"so-widget-sow-editor so-widget-sow-editor-base\"\n\t\t\t\n\t\t><h3 class=\"widget-title\">Ofiss<\/h3>\n<div class=\"siteorigin-widget-tinymce textwidget\">\n\t<ul>\n<li style=\"font-weight: 400;\">Latgales 250, R\u012bga, LV-1063<\/li>\n<li style=\"font-weight: 400;\">tel. +37126585707, +37167800380.<\/li>\n<li>E-pasts \u00a0 \u00a0 \u00a0 \u00a0 \u00a0 \u00a0 \u00a0 \u00a0 \u00a0 \u00a0 \u00a0 \u00a0 \u00a0\u00a0\u00a0<a href=\"mailto:tcs@tcs.lv\">tcs@tcs.lv<\/a><\/li>\n<\/ul>\n<\/div>\n<\/div><\/div><\/div><\/div><\/div><div id=\"pg-35-1\"  class=\"panel-grid panel-no-style\" ><div id=\"pgc-35-1-0\"  class=\"panel-grid-cell\" ><div id=\"panel-35-1-0-0\" class=\"so-panel widget widget_sow-editor panel-first-child panel-last-child\" data-index=\"2\" ><div class=\"panel-widget-style panel-widget-style-for-35-1-0-0\" ><div\n\t\t\t\n\t\t\tclass=\"so-widget-sow-editor so-widget-sow-editor-base\"\n\t\t\t\n\t\t><h3 class=\"widget-title\">Kontaktinform\u0101cija<\/h3>\n<div class=\"siteorigin-widget-tinymce textwidget\">\n\t<ul>\n<li>\n<ul>\n<li><strong>TCS, SIA<\/strong><\/li>\n<li>Vienotais re\u0123. Nr.40103112719<\/li>\n<li>PVN maks\u0101t\u0101ja Nr. LV40103112719<\/li>\n<li>LUMINOR\u00a0 BANK AS<\/li>\n<li>S.W.I.F.T kods: RIKOLV2X<\/li>\n<\/ul>\n<p>Konti:<\/p>\n<ul>\n<li>EUR\u00a0 \u00a0 LV12RIKO0000080026635<\/li>\n<li>GBP\u00a0 \u00a0 LV30RIKO0000080354365<\/li>\n<\/ul>\n<\/li>\n<\/ul>\n<\/div>\n<\/div><\/div><\/div><\/div><div id=\"pgc-35-1-1\"  class=\"panel-grid-cell\" ><div id=\"panel-35-1-1-0\" class=\"so-panel widget widget_sow-editor panel-first-child panel-last-child\" data-index=\"3\" ><div class=\"panel-widget-style panel-widget-style-for-35-1-1-0\" ><div\n\t\t\t\n\t\t\tclass=\"so-widget-sow-editor so-widget-sow-editor-base\"\n\t\t\t\n\t\t><h3 class=\"widget-title\">Karte<\/h3>\n<div class=\"siteorigin-widget-tinymce textwidget\">\n\t<p><iframe loading=\"lazy\" src=\"https:\/\/www.google.com\/maps\/embed?pb=!1m14!1m8!1m3!1d915.6453273684359!2d24.171985984934214!3d56.91823302456246!3m2!1i1024!2i768!4f13.1!3m3!1m2!1s0x0%3A0xdd6dac41a8476258!2zIkzEq3N0ZXMgcGFzYXVsZSIsIHZlaWthbHM!5e0!3m2!1sru!2slv!4v1579817328291!5m2!1sru!2slv\" width=\"400\" height=\"300\" frameborder=\"0\" style=\"border:0;\" allowfullscreen=\"\"><\/iframe><\/p>\n<\/div>\n<\/div><\/div><\/div><\/div><\/div><\/div>","protected":false},"excerpt":{"rendered":"<p>Darba laiks: Pirmdiena-Piektdiena 9.00-18.00 Latgales 250, R\u012bga, LV-1063 tel. +37126585707, +37167800379. Interneta veikals\u00a0https:\/\/listespasaule.lv\/lv Latgales 250, R\u012bga, LV-1063 tel. +37126585707, +37167800380. E-pasts \u00a0 \u00a0 \u00a0 \u00a0 \u00a0 \u00a0 \u00a0 \u00a0 \u00a0 \u00a0 \u00a0 \u00a0 \u00a0\u00a0\u00a0tcs@tcs.lv TCS, SIA Vienotais re\u0123. Nr.40103112719 PVN maks\u0101t\u0101ja Nr. LV40103112719 LUMINOR\u00a0 BANK AS S.W.I.F.T kods: RIKOLV2X Konti: EUR\u00a0 \u00a0 LV12RIKO0000080026635 GBP\u00a0 \u00a0 [&hellip;]<\/p>\n","protected":false},"author":1,"featured_media":0,"parent":0,"menu_order":0,"comment_status":"closed","ping_status":"closed","template":"","meta":{"_acf_changed":false,"footnotes":""},"class_list":["post-35","page","type-page","status-publish","hentry","content-columns-1"],"acf":[],"yoast_head":"<!-- This site is optimized with the Yoast SEO plugin v27.2 - https:\/\/yoast.com\/product\/yoast-seo-wordpress\/ -->\n<title>Kontakti - TCS,SIA<\/title>\n<meta name=\"robots\" content=\"index, follow, max-snippet:-1, max-image-preview:large, max-video-preview:-1\" \/>\n<link rel=\"canonical\" href=\"http:\/\/tcs.lv\/?page_id=35\" \/>\n<meta property=\"og:locale\" content=\"en_US\" \/>\n<meta property=\"og:type\" content=\"article\" \/>\n<meta property=\"og:title\" content=\"Kontakti - TCS,SIA\" \/>\n<meta property=\"og:description\" content=\"Darba laiks: Pirmdiena-Piektdiena 9.00-18.00 Latgales 250, R\u012bga, LV-1063 tel. +37126585707, +37167800379. Interneta veikals\u00a0https:\/\/listespasaule.lv\/lv Latgales 250, R\u012bga, LV-1063 tel. +37126585707, +37167800380. E-pasts \u00a0 \u00a0 \u00a0 \u00a0 \u00a0 \u00a0 \u00a0 \u00a0 \u00a0 \u00a0 \u00a0 \u00a0 \u00a0\u00a0\u00a0tcs@tcs.lv TCS, SIA Vienotais re\u0123. Nr.40103112719 PVN maks\u0101t\u0101ja Nr. LV40103112719 LUMINOR\u00a0 BANK AS S.W.I.F.T kods: RIKOLV2X Konti: EUR\u00a0 \u00a0 LV12RIKO0000080026635 GBP\u00a0 \u00a0 [&hellip;]\" \/>\n<meta property=\"og:url\" content=\"http:\/\/tcs.lv\/?page_id=35\" \/>\n<meta property=\"og:site_name\" content=\"TCS,SIA\" \/>\n<meta property=\"article:modified_time\" content=\"2024-03-21T13:42:28+00:00\" \/>\n<meta name=\"twitter:card\" content=\"summary_large_image\" \/>\n<meta name=\"twitter:label1\" content=\"Est. reading time\" \/>\n\t<meta name=\"twitter:data1\" content=\"1 minute\" \/>\n<script type=\"application\/ld+json\" class=\"yoast-schema-graph\">{\"@context\":\"https:\/\/schema.org\",\"@graph\":[{\"@type\":\"WebPage\",\"@id\":\"http:\/\/tcs.lv\/?page_id=35\",\"url\":\"http:\/\/tcs.lv\/?page_id=35\",\"name\":\"Kontakti - TCS,SIA\",\"isPartOf\":{\"@id\":\"http:\/\/tcs.lv\/#website\"},\"datePublished\":\"2019-09-28T19:04:20+00:00\",\"dateModified\":\"2024-03-21T13:42:28+00:00\",\"breadcrumb\":{\"@id\":\"http:\/\/tcs.lv\/?page_id=35#breadcrumb\"},\"inLanguage\":\"en\",\"potentialAction\":[{\"@type\":\"ReadAction\",\"target\":[\"http:\/\/tcs.lv\/?page_id=35\"]}]},{\"@type\":\"BreadcrumbList\",\"@id\":\"http:\/\/tcs.lv\/?page_id=35#breadcrumb\",\"itemListElement\":[{\"@type\":\"ListItem\",\"position\":1,\"name\":\"Home\",\"item\":\"https:\/\/tcs.lv\/\"},{\"@type\":\"ListItem\",\"position\":2,\"name\":\"Kontakti\"}]},{\"@type\":\"WebSite\",\"@id\":\"http:\/\/tcs.lv\/#website\",\"url\":\"http:\/\/tcs.lv\/\",\"name\":\"TCS,SIA\",\"description\":\"L\u012bstes pasaule\",\"potentialAction\":[{\"@type\":\"SearchAction\",\"target\":{\"@type\":\"EntryPoint\",\"urlTemplate\":\"http:\/\/tcs.lv\/?s={search_term_string}\"},\"query-input\":{\"@type\":\"PropertyValueSpecification\",\"valueRequired\":true,\"valueName\":\"search_term_string\"}}],\"inLanguage\":\"en\"}]}<\/script>\n<!-- \/ Yoast SEO plugin. -->","yoast_head_json":{"title":"Kontakti - TCS,SIA","robots":{"index":"index","follow":"follow","max-snippet":"max-snippet:-1","max-image-preview":"max-image-preview:large","max-video-preview":"max-video-preview:-1"},"canonical":"http:\/\/tcs.lv\/?page_id=35","og_locale":"en_US","og_type":"article","og_title":"Kontakti - TCS,SIA","og_description":"Darba laiks: Pirmdiena-Piektdiena 9.00-18.00 Latgales 250, R\u012bga, LV-1063 tel. +37126585707, +37167800379. Interneta veikals\u00a0https:\/\/listespasaule.lv\/lv Latgales 250, R\u012bga, LV-1063 tel. +37126585707, +37167800380. E-pasts \u00a0 \u00a0 \u00a0 \u00a0 \u00a0 \u00a0 \u00a0 \u00a0 \u00a0 \u00a0 \u00a0 \u00a0 \u00a0\u00a0\u00a0tcs@tcs.lv TCS, SIA Vienotais re\u0123. Nr.40103112719 PVN maks\u0101t\u0101ja Nr. LV40103112719 LUMINOR\u00a0 BANK AS S.W.I.F.T kods: RIKOLV2X Konti: EUR\u00a0 \u00a0 LV12RIKO0000080026635 GBP\u00a0 \u00a0 [&hellip;]","og_url":"http:\/\/tcs.lv\/?page_id=35","og_site_name":"TCS,SIA","article_modified_time":"2024-03-21T13:42:28+00:00","twitter_card":"summary_large_image","twitter_misc":{"Est. reading time":"1 minute"},"schema":{"@context":"https:\/\/schema.org","@graph":[{"@type":"WebPage","@id":"http:\/\/tcs.lv\/?page_id=35","url":"http:\/\/tcs.lv\/?page_id=35","name":"Kontakti - TCS,SIA","isPartOf":{"@id":"http:\/\/tcs.lv\/#website"},"datePublished":"2019-09-28T19:04:20+00:00","dateModified":"2024-03-21T13:42:28+00:00","breadcrumb":{"@id":"http:\/\/tcs.lv\/?page_id=35#breadcrumb"},"inLanguage":"en","potentialAction":[{"@type":"ReadAction","target":["http:\/\/tcs.lv\/?page_id=35"]}]},{"@type":"BreadcrumbList","@id":"http:\/\/tcs.lv\/?page_id=35#breadcrumb","itemListElement":[{"@type":"ListItem","position":1,"name":"Home","item":"https:\/\/tcs.lv\/"},{"@type":"ListItem","position":2,"name":"Kontakti"}]},{"@type":"WebSite","@id":"http:\/\/tcs.lv\/#website","url":"http:\/\/tcs.lv\/","name":"TCS,SIA","description":"L\u012bstes pasaule","potentialAction":[{"@type":"SearchAction","target":{"@type":"EntryPoint","urlTemplate":"http:\/\/tcs.lv\/?s={search_term_string}"},"query-input":{"@type":"PropertyValueSpecification","valueRequired":true,"valueName":"search_term_string"}}],"inLanguage":"en"}]}},"_links":{"self":[{"href":"http:\/\/tcs.lv\/index.php?rest_route=\/wp\/v2\/pages\/35","targetHints":{"allow":["GET"]}}],"collection":[{"href":"http:\/\/tcs.lv\/index.php?rest_route=\/wp\/v2\/pages"}],"about":[{"href":"http:\/\/tcs.lv\/index.php?rest_route=\/wp\/v2\/types\/page"}],"author":[{"embeddable":true,"href":"http:\/\/tcs.lv\/index.php?rest_route=\/wp\/v2\/users\/1"}],"replies":[{"embeddable":true,"href":"http:\/\/tcs.lv\/index.php?rest_route=%2Fwp%2Fv2%2Fcomments&post=35"}],"version-history":[{"count":37,"href":"http:\/\/tcs.lv\/index.php?rest_route=\/wp\/v2\/pages\/35\/revisions"}],"predecessor-version":[{"id":310,"href":"http:\/\/tcs.lv\/index.php?rest_route=\/wp\/v2\/pages\/35\/revisions\/310"}],"wp:attachment":[{"href":"http:\/\/tcs.lv\/index.php?rest_route=%2Fwp%2Fv2%2Fmedia&parent=35"}],"curies":[{"name":"wp","href":"https:\/\/api.w.org\/{rel}","templated":true}]}}